{"id":4956,"date":"2023-10-24T15:45:27","date_gmt":"2023-10-24T19:45:27","guid":{"rendered":"https:\/\/centrefranco.ca\/?page_id=4956"},"modified":"2023-10-24T17:46:44","modified_gmt":"2023-10-24T21:46:44","slug":"newspaper","status":"publish","type":"page","link":"https:\/\/centrefranco.ca\/en\/newspaper\/","title":{"rendered":"Newspaper"},"content":{"rendered":"\t\t<div data-elementor-type=\"wp-page\" data-elementor-id=\"4956\" class=\"elementor elementor-4956 elementor-4920\" data-elementor-post-type=\"page\">\n\t\t\t\t\t\t<section class=\"elementor-section elementor-top-section elementor-element elementor-element-1a7cdaf elementor-section-boxed elementor-section-height-default elementor-section-height-default\" data-id=\"1a7cdaf\" data-element_type=\"section\" data-e-type=\"section\">\n\t\t\t\t\t\t<div class=\"elementor-container elementor-column-gap-default\">\n\t\t\t\t\t<div class=\"elementor-column elementor-col-100 elementor-top-column elementor-element elementor-element-05850a4\" data-id=\"05850a4\" data-element_type=\"column\" data-e-type=\"column\">\n\t\t\t<div class=\"elementor-widget-wrap elementor-element-populated\">\n\t\t\t\t\t\t<div class=\"elementor-element elementor-element-b944fe7 elementor-widget elementor-widget-spacer\" data-id=\"b944fe7\" data-element_type=\"widget\" data-e-type=\"widget\" data-widget_type=\"spacer.default\">\n\t\t\t\t<div class=\"elementor-widget-container\">\n\t\t\t\t\t\t\t<div class=\"elementor-spacer\">\n\t\t\t<div class=\"elementor-spacer-inner\"><\/div>\n\t\t<\/div>\n\t\t\t\t\t\t<\/div>\n\t\t\t\t<\/div>\n\t\t\t\t\t<\/div>\n\t\t<\/div>\n\t\t\t\t\t<\/div>\n\t\t<\/section>\n\t\t\t\t<section class=\"elementor-section elementor-top-section elementor-element elementor-element-9f2c0ee elementor-section-boxed elementor-section-height-default elementor-section-height-default\" data-id=\"9f2c0ee\" data-element_type=\"section\" data-e-type=\"section\">\n\t\t\t\t\t\t<div class=\"elementor-container elementor-column-gap-default\">\n\t\t\t\t\t<div class=\"elementor-column elementor-col-66 elementor-top-column elementor-element elementor-element-722e4bf\" data-id=\"722e4bf\" data-element_type=\"column\" data-e-type=\"column\">\n\t\t\t<div class=\"elementor-widget-wrap elementor-element-populated\">\n\t\t\t\t\t\t<div class=\"elementor-element elementor-element-4be3022 elementor-widget elementor-widget-image\" data-id=\"4be3022\" data-element_type=\"widget\" data-e-type=\"widget\" data-widget_type=\"image.default\">\n\t\t\t\t<div class=\"elementor-widget-container\">\n\t\t\t\t\t\t\t\t\t\t\t\t\t\t\t<img fetchpriority=\"high\" decoding=\"async\" width=\"800\" height=\"531\" src=\"https:\/\/centrefranco.ca\/wp-content\/uploads\/2023\/10\/typewriter-1170657_1280-1024x680.jpg\" class=\"attachment-large size-large wp-image-4926\" alt=\"\" srcset=\"https:\/\/centrefranco.ca\/wp-content\/uploads\/2023\/10\/typewriter-1170657_1280-1024x680.jpg 1024w, https:\/\/centrefranco.ca\/wp-content\/uploads\/2023\/10\/typewriter-1170657_1280-300x199.jpg 300w, https:\/\/centrefranco.ca\/wp-content\/uploads\/2023\/10\/typewriter-1170657_1280-768x510.jpg 768w, https:\/\/centrefranco.ca\/wp-content\/uploads\/2023\/10\/typewriter-1170657_1280.jpg 1280w\" sizes=\"(max-width: 800px) 100vw, 800px\" \/>\t\t\t\t\t\t\t\t\t\t\t\t\t\t\t<\/div>\n\t\t\t\t<\/div>\n\t\t\t\t\t<\/div>\n\t\t<\/div>\n\t\t\t\t<div class=\"elementor-column elementor-col-33 elementor-top-column elementor-element elementor-element-2731dbe\" data-id=\"2731dbe\" data-element_type=\"column\" data-e-type=\"column\">\n\t\t\t<div class=\"elementor-widget-wrap elementor-element-populated\">\n\t\t\t\t\t\t<div class=\"elementor-element elementor-element-1c0df01 elementor-widget elementor-widget-heading\" data-id=\"1c0df01\" data-element_type=\"widget\" data-e-type=\"widget\" data-widget_type=\"heading.default\">\n\t\t\t\t<div class=\"elementor-widget-container\">\n\t\t\t\t\t<h2 class=\"elementor-heading-title elementor-size-default\">2023<\/h2>\t\t\t\t<\/div>\n\t\t\t\t<\/div>\n\t\t\t\t<div class=\"elementor-element elementor-element-5b60cba elementor-widget elementor-widget-text-editor\" data-id=\"5b60cba\" data-element_type=\"widget\" data-e-type=\"widget\" data-widget_type=\"text-editor.default\">\n\t\t\t\t<div class=\"elementor-widget-container\">\n\t\t\t\t\t\t\t\t\t<ul><li><a href=\"https:\/\/ici.radio-canada.ca\/nouvelle\/2012912\/francophonie-minoritaire-ecole-lever-drapeau\">La jeunesse au centre des c\u00e9l\u00e9brations du jour des Franco-Ontariens \u00e0 Thunder Bay<\/a>, Radio-Canada, C\u00e9line Marti, 25 septembre 2023<\/li><li><a href=\"https:\/\/ici.radio-canada.ca\/nouvelle\/1975072\/cooperative-centre-francophone-npd-nord\">Des organismes francophones de Thunder Bay rencontrent Marit Stiles<\/a>, Radio Canada, C\u00e9line Marti, 28 avril 2023\u00a0\u00a0<\/li><li><a href=\"https:\/\/ici.radio-canada.ca\/nouvelle\/1977963\/habitation-cooperative-baie-du-tonnerre-immigration-aines-sante\">Le projet de coop\u00e9rative r\u00e9sidentielle francophone de Thunder Bay rena\u00eet<\/a>, Radio Canada, C\u00e9line Marti, 9 mai 2023\u00a0<\/li><li><a href=\"https:\/\/ici.radio-canada.ca\/nouvelle\/1993953\/angele-brunelle-francophonie-minoritaire-retraite\">Un pilier de la francophonie nord-ontarienne tire sa r\u00e9v\u00e9rence,<\/a> Radio Canada, C\u00e9line Marti, 8 juillet 2023<\/li><li><a href=\"https:\/\/onfr.tfo.org\/angele-brunelle-40-ans-de-devouement-a-la-communaute-francophone-du-nord\/\">Ang\u00e8le Brunelle, 40 ans de d\u00e9vouement \u00e0 la communaut\u00e9 francophone du Nord<\/a>, ONFR, In\u00e8s Rebei, 29 ao\u00fbt 2023<\/li><\/ul>\t\t\t\t\t\t\t\t<\/div>\n\t\t\t\t<\/div>\n\t\t\t\t<div class=\"elementor-element elementor-element-bce6478 elementor-widget elementor-widget-heading\" data-id=\"bce6478\" data-element_type=\"widget\" data-e-type=\"widget\" data-widget_type=\"heading.default\">\n\t\t\t\t<div class=\"elementor-widget-container\">\n\t\t\t\t\t<h2 class=\"elementor-heading-title elementor-size-default\">2022<\/h2>\t\t\t\t<\/div>\n\t\t\t\t<\/div>\n\t\t\t\t<div class=\"elementor-element elementor-element-49f2af5 elementor-widget elementor-widget-text-editor\" data-id=\"49f2af5\" data-element_type=\"widget\" data-e-type=\"widget\" data-widget_type=\"text-editor.default\">\n\t\t\t\t<div class=\"elementor-widget-container\">\n\t\t\t\t\t\t\t\t\t<ul><li><a href=\"https:\/\/ici.radio-canada.ca\/nouvelle\/1913496\/anniversaire-association-francophones-nord-ouest-ontario\">De l\u2019\u00e9ducation \u00e0 l\u2019immigration : 45 ans au service des francophones du Nord-Ouest<\/a>, Radio-Canada, Miguelle-\u00c9lo\u00efse Lachance, 12 septembre 2022\u00a0<\/li><li><a href=\"https:\/\/ici.radio-canada.ca\/nouvelle\/1913264\/festival-musique-francophone-nord-ouest\">Retour des c\u00e9l\u00e9brations au centre-ville pour le 10e Franco-Festival de Thunder Bay<\/a>, Radio-Canada, Miguelle-\u00c9lo\u00efse Lachance, 10 septembre 2022<\/li><li><a href=\"https:\/\/onfr.tfo.org\/claudette-gleeson-militante-en-milieu-ultra-minoritaire\/\">Claudette Gleeson, militante en milieu ultra minoritaire,<\/a> ONFR, In\u00e8s Rebei, 17 septembre 2022<\/li><\/ul>\t\t\t\t\t\t\t\t<\/div>\n\t\t\t\t<\/div>\n\t\t\t\t\t<\/div>\n\t\t<\/div>\n\t\t\t\t\t<\/div>\n\t\t<\/section>\n\t\t\t\t<section class=\"elementor-section elementor-top-section elementor-element elementor-element-53fba28 elementor-section-boxed elementor-section-height-default elementor-section-height-default\" data-id=\"53fba28\" data-element_type=\"section\" data-e-type=\"section\">\n\t\t\t\t\t\t<div class=\"elementor-container elementor-column-gap-default\">\n\t\t\t\t\t<div class=\"elementor-column elementor-col-100 elementor-top-column elementor-element elementor-element-586b188\" data-id=\"586b188\" data-element_type=\"column\" data-e-type=\"column\">\n\t\t\t<div class=\"elementor-widget-wrap elementor-element-populated\">\n\t\t\t\t\t\t<div class=\"elementor-element elementor-element-3518259 elementor-widget elementor-widget-heading\" data-id=\"3518259\" data-element_type=\"widget\" data-e-type=\"widget\" data-widget_type=\"heading.default\">\n\t\t\t\t<div class=\"elementor-widget-container\">\n\t\t\t\t\t<h2 class=\"elementor-heading-title elementor-size-default\">2021<\/h2>\t\t\t\t<\/div>\n\t\t\t\t<\/div>\n\t\t\t\t<div class=\"elementor-element elementor-element-9aa80c0 elementor-widget elementor-widget-text-editor\" data-id=\"9aa80c0\" data-element_type=\"widget\" data-e-type=\"widget\" data-widget_type=\"text-editor.default\">\n\t\t\t\t<div class=\"elementor-widget-container\">\n\t\t\t\t\t\t\t\t\t<ul><li><a href=\"https:\/\/ici.radio-canada.ca\/nouvelle\/1808878\/francophone-centre-projet-thunder-bay-modernisation\">Le Centre francophone de Thunder Bay se refait une beaut\u00e9<\/a>, Radio-Canada, Miguelle-\u00c9lo\u00efse Lachance, 14 juillet\u00a0<\/li><li><a href=\"https:\/\/www.tbnewswatch.com\/local-news\/cooperative-centre-francophone-de-thunder-bay-wins-a-national-award-3901477\">Cooperative Centre francophone de Thunder Bay wins a national award<\/a>, TB News Watch, Jun 24 2021\u00a0<\/li><\/ul>\t\t\t\t\t\t\t\t<\/div>\n\t\t\t\t<\/div>\n\t\t\t\t<div class=\"elementor-element elementor-element-ea02cdb elementor-widget elementor-widget-heading\" data-id=\"ea02cdb\" data-element_type=\"widget\" data-e-type=\"widget\" data-widget_type=\"heading.default\">\n\t\t\t\t<div class=\"elementor-widget-container\">\n\t\t\t\t\t<h2 class=\"elementor-heading-title elementor-size-default\">2020<\/h2>\t\t\t\t<\/div>\n\t\t\t\t<\/div>\n\t\t\t\t<div class=\"elementor-element elementor-element-33eedd9 elementor-widget elementor-widget-text-editor\" data-id=\"33eedd9\" data-element_type=\"widget\" data-e-type=\"widget\" data-widget_type=\"text-editor.default\">\n\t\t\t\t<div class=\"elementor-widget-container\">\n\t\t\t\t\t\t\t\t\t<ul><li><a href=\"https:\/\/onfr.tfo.org\/denyse-culligan-militante-francophone-de-thunder-bay-recompensee\/\">Denyse Culligan, militante francophone de Thunder Bay r\u00e9compens\u00e9e<\/a>, ONFR, S\u00e9bastien Pierroz, 02 novembre\u00a0 2020<\/li><li><a href=\"https:\/\/ici.radio-canada.ca\/nouvelle\/1729596\/musique-francais-concours-fierte-francophone-nord-ouest-ontario\">Un Franco-Festival \u00ab \u00e0 la maison \u00bbn\u00a0<\/a>, Radio-Canada, Miguelle-\u00c9lo\u00efse Lachance, 27 ao\u00fbt 2020<\/li><\/ul><p>\u00a0<\/p>\t\t\t\t\t\t\t\t<\/div>\n\t\t\t\t<\/div>\n\t\t\t\t<div class=\"elementor-element elementor-element-d41adfe elementor-widget elementor-widget-heading\" data-id=\"d41adfe\" data-element_type=\"widget\" data-e-type=\"widget\" data-widget_type=\"heading.default\">\n\t\t\t\t<div class=\"elementor-widget-container\">\n\t\t\t\t\t<h2 class=\"elementor-heading-title elementor-size-default\">2019<\/h2>\t\t\t\t<\/div>\n\t\t\t\t<\/div>\n\t\t\t\t<div class=\"elementor-element elementor-element-0cde658 elementor-widget elementor-widget-text-editor\" data-id=\"0cde658\" data-element_type=\"widget\" data-e-type=\"widget\" data-widget_type=\"text-editor.default\">\n\t\t\t\t<div class=\"elementor-widget-container\">\n\t\t\t\t\t\t\t\t\t<p><a href=\"https:\/\/ici.radio-canada.ca\/nouvelle\/1423748\/francophone-nord-ouest-ontario-strategie-recrutement-benevole-engagement-public\">\u00c0 la recherche de solutions pour faire rayonner la francophonie<\/a>, Radio-Canada, Miguelle-\u00c9lo\u00efse Lachance, 8 d\u00e9cembre 2019\u00a0<\/p><p><a href=\"https:\/\/www.tbnewswatch.com\/local-news\/franco-festival-wraps-up-with-saturday-street-party-1693402\">Franco-Festival wraps up with Saturday street party<\/a>, TB News Watch, Leith Dunick, sep 14, 2019\u00a0<\/p><p><a href=\"https:\/\/ici.radio-canada.ca\/nouvelle\/1301220\/franco-festival-nord-ontario-musique-drapeau-jeux\">La francophonie c\u00e9l\u00e9br\u00e9e en grand \u00e0 Thunder Bay<\/a>, Radio-Canada, Miguelle-\u00c9lo\u00efse Lachance, 14 septembre 2019<\/p>\t\t\t\t\t\t\t\t<\/div>\n\t\t\t\t<\/div>\n\t\t\t\t\t<\/div>\n\t\t<\/div>\n\t\t\t\t\t<\/div>\n\t\t<\/section>\n\t\t\t\t<section class=\"elementor-section elementor-top-section elementor-element elementor-element-0fca219 elementor-section-boxed elementor-section-height-default elementor-section-height-default\" data-id=\"0fca219\" data-element_type=\"section\" data-e-type=\"section\">\n\t\t\t\t\t\t<div class=\"elementor-container elementor-column-gap-default\">\n\t\t\t\t\t<div class=\"elementor-column elementor-col-100 elementor-top-column elementor-element elementor-element-4185903\" data-id=\"4185903\" data-element_type=\"column\" data-e-type=\"column\">\n\t\t\t<div class=\"elementor-widget-wrap elementor-element-populated\">\n\t\t\t\t\t\t<div class=\"elementor-element elementor-element-30bb182 elementor-widget elementor-widget-spacer\" data-id=\"30bb182\" data-element_type=\"widget\" data-e-type=\"widget\" data-widget_type=\"spacer.default\">\n\t\t\t\t<div class=\"elementor-widget-container\">\n\t\t\t\t\t\t\t<div class=\"elementor-spacer\">\n\t\t\t<div class=\"elementor-spacer-inner\"><\/div>\n\t\t<\/div>\n\t\t\t\t\t\t<\/div>\n\t\t\t\t<\/div>\n\t\t\t\t\t<\/div>\n\t\t<\/div>\n\t\t\t\t\t<\/div>\n\t\t<\/section>\n\t\t\t\t<\/div>\n\t\t","protected":false},"excerpt":{"rendered":"<p>2023 La jeunesse au centre des c\u00e9l\u00e9brations du jour des Franco-Ontariens \u00e0 Thunder Bay, Radio-Canada, C\u00e9line Marti, 25 septembre 2023 Des organismes francophones de Thunder Bay rencontrent Marit Stiles, Radio Canada, C\u00e9line Marti, 28 avril 2023\u00a0\u00a0 Le projet de coop\u00e9rative r\u00e9sidentielle francophone de Thunder Bay rena\u00eet, Radio Canada, C\u00e9line Marti, 9 mai 2023\u00a0 Un pilier [&hellip;]<\/p>\n","protected":false},"author":16,"featured_media":0,"parent":0,"menu_order":0,"comment_status":"closed","ping_status":"closed","template":"","meta":{"_seopress_robots_primary_cat":"","_seopress_titles_title":"","_seopress_titles_desc":"","_seopress_robots_index":"","footnotes":""},"class_list":["post-4956","page","type-page","status-publish","hentry"],"_links":{"self":[{"href":"https:\/\/centrefranco.ca\/en\/wp-json\/wp\/v2\/pages\/4956","targetHints":{"allow":["GET"]}}],"collection":[{"href":"https:\/\/centrefranco.ca\/en\/wp-json\/wp\/v2\/pages"}],"about":[{"href":"https:\/\/centrefranco.ca\/en\/wp-json\/wp\/v2\/types\/page"}],"author":[{"embeddable":true,"href":"https:\/\/centrefranco.ca\/en\/wp-json\/wp\/v2\/users\/16"}],"replies":[{"embeddable":true,"href":"https:\/\/centrefranco.ca\/en\/wp-json\/wp\/v2\/comments?post=4956"}],"version-history":[{"count":7,"href":"https:\/\/centrefranco.ca\/en\/wp-json\/wp\/v2\/pages\/4956\/revisions"}],"predecessor-version":[{"id":4965,"href":"https:\/\/centrefranco.ca\/en\/wp-json\/wp\/v2\/pages\/4956\/revisions\/4965"}],"wp:attachment":[{"href":"https:\/\/centrefranco.ca\/en\/wp-json\/wp\/v2\/media?parent=4956"}],"curies":[{"name":"wp","href":"https:\/\/api.w.org\/{rel}","templated":true}]}}